{"id":11,"date":"2024-08-30T00:24:24","date_gmt":"2024-08-30T00:24:24","guid":{"rendered":"https:\/\/global.ministerioriosdevida.org\/?page_id=11"},"modified":"2025-06-10T23:27:36","modified_gmt":"2025-06-10T23:27:36","slug":"inicio","status":"publish","type":"page","link":"https:\/\/kidscamp.ministerioriosdevida.org\/","title":{"rendered":"Inicio"},"content":{"rendered":"\t\t<div data-elementor-type=\"wp-page\" data-elementor-id=\"11\" class=\"elementor elementor-11\" data-elementor-post-type=\"page\">\n\t\t\t\t<div class=\"elementor-element elementor-element-ce94ecc e-flex e-con-boxed e-con e-parent\" data-id=\"ce94ecc\" data-element_type=\"container\">\n\t\t\t\t\t<div class=\"e-con-inner\">\n\t\t<div class=\"elementor-element elementor-element-47d8cc2 e-grid e-con-full e-con e-child\" data-id=\"47d8cc2\" data-element_type=\"container\">\n\t\t\t\t<div class=\"elementor-element elementor-element-be0006b elementor-cta--layout-image-above elementor-cta--skin-classic elementor-animated-content elementor-bg-transform elementor-bg-transform-zoom-in elementor-widget elementor-widget-call-to-action\" data-id=\"be0006b\" data-element_type=\"widget\" data-widget_type=\"call-to-action.default\">\n\t\t\t\t<div class=\"elementor-widget-container\">\n\t\t\t\t\t<div class=\"elementor-cta\">\n\t\t\t\t\t<div class=\"elementor-cta__bg-wrapper\">\n\t\t\t\t<div class=\"elementor-cta__bg elementor-bg\" style=\"background-image: url(https:\/\/kidscamp.ministerioriosdevida.org\/wp-content\/uploads\/2025\/06\/Imagen-de-WhatsApp-2025-06-06-a-las-17.59.31_a69a38b8.jpg);\" role=\"img\" aria-label=\"Imagen de WhatsApp 2025-06-06 a las 17.59.31_a69a38b8\"><\/div>\n\t\t\t\t<div class=\"elementor-cta__bg-overlay\"><\/div>\n\t\t\t<\/div>\n\t\t\t\t\t\t\t<div class=\"elementor-cta__content\">\n\t\t\t\t\n\t\t\t\t\t\t\t\t\t<h2 class=\"elementor-cta__title elementor-cta__content-item elementor-content-item\">\n\t\t\t\t\t\tSUMMER CAMP 2025\t\t\t\t\t<\/h2>\n\t\t\t\t\n\t\t\t\t\t\t\t\t\t<div class=\"elementor-cta__description elementor-cta__content-item elementor-content-item\">\n\t\t\t\t\t\tRecibe un cordial saludo de nuestros Ap\u00f3stoles Miguel & Mar\u00eda Paula Arr\u00e1zola y nuestros Pastores Samuel & Valentina Arr\u00e1zola. Datos del Campamento: Dirigido a ni\u00f1os\/as de 7 a 12 a\u00f1os. Del martes 1ro al jueves 3 de julio 2025, 9am a 3pm. Lugar: Iglesia R\u00edos de Vida, Villa Grande de Indias, Transversal del Caribe 90B Mz 33-17.\t\t\t\t\t<\/div>\n\t\t\t\t\n\t\t\t\t\t\t\t\t\t<div class=\"elementor-cta__button-wrapper elementor-cta__content-item elementor-content-item \">\n\t\t\t\t\t<a class=\"elementor-cta__button elementor-button elementor-size-\" href=\"https:\/\/forms.gle\/s2Fvr3TLDBA5kAzT6\">\n\t\t\t\t\t\tRegistrarse\t\t\t\t\t<\/a>\n\t\t\t\t\t<\/div>\n\t\t\t\t\t\t\t<\/div>\n\t\t\t\t\t\t<\/div>\n\t\t\t\t<\/div>\n\t\t\t\t<\/div>\n\t\t\t\t<div class=\"elementor-element elementor-element-f98889d elementor-cta--skin-classic elementor-animated-content elementor-bg-transform elementor-bg-transform-zoom-in elementor-widget elementor-widget-call-to-action\" data-id=\"f98889d\" data-element_type=\"widget\" data-widget_type=\"call-to-action.default\">\n\t\t\t\t<div class=\"elementor-widget-container\">\n\t\t\t\t\t<div class=\"elementor-cta\">\n\t\t\t\t\t<div class=\"elementor-cta__bg-wrapper\">\n\t\t\t\t<div class=\"elementor-cta__bg elementor-bg\" style=\"background-image: url(https:\/\/kidscamp.ministerioriosdevida.org\/wp-content\/uploads\/2025\/06\/Imagen-de-WhatsApp-2025-06-06-a-las-18.01.19_3feb6972.jpg);\" role=\"img\" aria-label=\"Imagen de WhatsApp 2025-06-06 a las 18.01.19_3feb6972\"><\/div>\n\t\t\t\t<div class=\"elementor-cta__bg-overlay\"><\/div>\n\t\t\t<\/div>\n\t\t\t\t\t\t\t<div class=\"elementor-cta__content\">\n\t\t\t\t\n\t\t\t\t\t\t\t\t\t<h2 class=\"elementor-cta__title elementor-cta__content-item elementor-content-item\">\n\t\t\t\t\t\tVoluntarios que van a Servir en el SUMMER CAMP 2025\t\t\t\t\t<\/h2>\n\t\t\t\t\n\t\t\t\t\t\t\t\t\t<div class=\"elementor-cta__description elementor-cta__content-item elementor-content-item\">\n\t\t\t\t\t\tFormulario Dirigido a los OBREROS que van a SERVIR en el SUMMER CAMP. Recibe un cordial saludo de nuestros Ap\u00f3stoles Miguel & Mar\u00eda Paula Arr\u00e1zola y nuestros Pastores Samuel & Valentina Arr\u00e1zola. Datos del Campamento: Dirigido a ni\u00f1os\/as de 7 a 12 a\u00f1os. Fecha: Del martes 1ro al jueves 3 de julio 2025, 9am a 3pm. Lugar: Iglesia R\u00edos de Vida, Villa Grande de Indias, Transversal del Caribe 90B Mz 33-17. \n\t\t\t\t\t<\/div>\n\t\t\t\t\n\t\t\t\t\t\t\t\t\t<div class=\"elementor-cta__button-wrapper elementor-cta__content-item elementor-content-item \">\n\t\t\t\t\t<a class=\"elementor-cta__button elementor-button elementor-size-\" href=\"https:\/\/forms.gle\/HqYESmi8pw2sgw42A\">\n\t\t\t\t\t\tRegistrarse\t\t\t\t\t<\/a>\n\t\t\t\t\t<\/div>\n\t\t\t\t\t\t\t<\/div>\n\t\t\t\t\t\t<\/div>\n\t\t\t\t<\/div>\n\t\t\t\t<\/div>\n\t\t\t\t<\/div>\n\t\t\t\t\t<\/div>\n\t\t\t\t<\/div>\n\t\t\t\t<\/div>\n\t\t","protected":false},"excerpt":{"rendered":"<p>SUMMER CAMP 2025 Recibe un cordial saludo de nuestros Ap\u00f3stoles Miguel &#038; Mar\u00eda Paula Arr\u00e1zola y nuestros Pastores Samuel &#038; Valentina Arr\u00e1zola. Datos del Campamento: Dirigido a ni\u00f1os\/as de 7 a 12 a\u00f1os. Del martes 1ro al jueves 3 de julio 2025, 9am a 3pm. Lugar: Iglesia R\u00edos de Vida, Villa Grande de Indias, Transversal [&hellip;]<\/p>\n","protected":false},"author":1,"featured_media":0,"parent":0,"menu_order":0,"comment_status":"closed","ping_status":"closed","template":"","meta":{"footnotes":""},"class_list":["post-11","page","type-page","status-publish","hentry"],"_links":{"self":[{"href":"https:\/\/kidscamp.ministerioriosdevida.org\/index.php\/wp-json\/wp\/v2\/pages\/11","targetHints":{"allow":["GET"]}}],"collection":[{"href":"https:\/\/kidscamp.ministerioriosdevida.org\/index.php\/wp-json\/wp\/v2\/pages"}],"about":[{"href":"https:\/\/kidscamp.ministerioriosdevida.org\/index.php\/wp-json\/wp\/v2\/types\/page"}],"author":[{"embeddable":true,"href":"https:\/\/kidscamp.ministerioriosdevida.org\/index.php\/wp-json\/wp\/v2\/users\/1"}],"replies":[{"embeddable":true,"href":"https:\/\/kidscamp.ministerioriosdevida.org\/index.php\/wp-json\/wp\/v2\/comments?post=11"}],"version-history":[{"count":94,"href":"https:\/\/kidscamp.ministerioriosdevida.org\/index.php\/wp-json\/wp\/v2\/pages\/11\/revisions"}],"predecessor-version":[{"id":195,"href":"https:\/\/kidscamp.ministerioriosdevida.org\/index.php\/wp-json\/wp\/v2\/pages\/11\/revisions\/195"}],"wp:attachment":[{"href":"https:\/\/kidscamp.ministerioriosdevida.org\/index.php\/wp-json\/wp\/v2\/media?parent=11"}],"curies":[{"name":"wp","href":"https:\/\/api.w.org\/{rel}","templated":true}]}}